{"id":2605,"date":"2024-11-13T13:35:24","date_gmt":"2024-11-13T12:35:24","guid":{"rendered":"http:\/\/loges.mk\/bashkohuni\/"},"modified":"2024-12-06T12:44:36","modified_gmt":"2024-12-06T11:44:36","slug":"bashkohuni","status":"publish","type":"page","link":"https:\/\/loges.mk\/sq\/bashkohuni\/","title":{"rendered":"Bashkohuni"},"content":{"rendered":"\t\t<div data-elementor-type=\"wp-page\" data-elementor-id=\"2605\" class=\"elementor elementor-2605 elementor-2435\" data-elementor-post-type=\"page\">\n\t\t\t\t<div class=\"elementor-element elementor-element-93eedd0 e-flex e-con-boxed e-con e-parent\" data-id=\"93eedd0\" data-element_type=\"container\" data-settings=\"{&quot;background_background&quot;:&quot;classic&quot;}\">\n\t\t\t\t\t<div class=\"e-con-inner\">\n\t\t\t\t<div class=\"elementor-element elementor-element-2e0e9cd elementor-widget elementor-widget-heading\" data-id=\"2e0e9cd\" data-element_type=\"widget\" data-widget_type=\"heading.default\">\n\t\t\t\t<div class=\"elementor-widget-container\">\n\t\t\t<h2 class=\"elementor-heading-title elementor-size-default\">Bashkohuni<\/h2>\t\t<\/div>\n\t\t\t\t<\/div>\n\t\t\t\t\t<\/div>\n\t\t\t\t<\/div>\n\t\t<div class=\"elementor-element elementor-element-3903b3f e-flex e-con-boxed e-con e-parent\" data-id=\"3903b3f\" data-element_type=\"container\">\n\t\t\t\t\t<div class=\"e-con-inner\">\n\t\t\t\t<div class=\"elementor-element elementor-element-763c6b4 elementor-widget elementor-widget-heading\" data-id=\"763c6b4\" data-element_type=\"widget\" data-widget_type=\"heading.default\">\n\t\t\t\t<div class=\"elementor-widget-container\">\n\t\t\t<h5 class=\"elementor-heading-title elementor-size-default\">Komunat e interesuara inkurajohen t\u00eb shprehin interes p\u00ebr t'u bashkuar me LOGES duke plot\u00ebsuar formularin m\u00eb posht\u00eb:<\/h5>\t\t<\/div>\n\t\t\t\t<\/div>\n\t\t\t\t<div class=\"elementor-element elementor-element-cbba510 elementor-button-align-start elementor-widget elementor-widget-form\" data-id=\"cbba510\" data-element_type=\"widget\" data-settings=\"{&quot;button_width&quot;:&quot;30&quot;,&quot;step_next_label&quot;:&quot;Nex&quot;,&quot;step_previous_label&quot;:&quot;Previou&quot;,&quot;step_type&quot;:&quot;number_text&quot;,&quot;step_icon_shape&quot;:&quot;circle&quot;}\" data-widget_type=\"form.default\">\n\t\t\t\t<div class=\"elementor-widget-container\">\n\t\t\t\t\t<form class=\"elementor-form\" method=\"post\" name=\"New For\">\n\t\t\t<input type=\"hidden\" name=\"post_id\" value=\"2605\"\/>\n\t\t\t<input type=\"hidden\" name=\"form_id\" value=\"cbba510\"\/>\n\t\t\t<input type=\"hidden\" name=\"referer_title\" value=\"LOGES \/ \u041f\u043b\u0430\u0442\u0444\u043e\u0440\u043c\u0430 \u0437\u0430 \u0435-\u0443\u0441\u043b\u0443\u0433\u0438 \u043d\u0430 \u043b\u043e\u043a\u0430\u043b\u043d\u043e \u043d\u0438\u0432\u043e\" \/>\n\n\t\t\t\n\t\t\t<div class=\"elementor-form-fields-wrapper elementor-labels-above\">\n\t\t\t\t\t\t\t\t<div class=\"elementor-field-type-text elementor-field-group elementor-column elementor-field-group-name elementor-col-50 elementor-field-required elementor-mark-required\">\n\t\t\t\t\t\t\t\t\t\t\t\t<label for=\"form-field-name\" class=\"elementor-field-label\">\n\t\t\t\t\t\t\t\tPersoni i kontaktit nga komuna\t\t\t\t\t\t\t<\/label>\n\t\t\t\t\t\t\t\t\t\t\t\t\t\t<input size=\"1\" type=\"text\" name=\"form_fields[name]\" id=\"form-field-name\" class=\"elementor-field elementor-size-sm  elementor-field-textual\" placeholder=\"Emri dhe mbiemri\" required=\"required\" aria-required=\"true\">\n\t\t\t\t\t\t\t\t\t\t\t<\/div>\n\t\t\t\t\t\t\t\t<div class=\"elementor-field-type-select elementor-field-group elementor-column elementor-field-group-field_0e31e0b elementor-col-50 elementor-field-required elementor-mark-required\">\n\t\t\t\t\t\t\t\t\t\t\t\t<label for=\"form-field-field_0e31e0b\" class=\"elementor-field-label\">\n\t\t\t\t\t\t\t\tKomuna juaj\t\t\t\t\t\t\t<\/label>\n\t\t\t\t\t\t\t\t<div class=\"elementor-field elementor-select-wrapper remove-before \">\n\t\t\t<div class=\"select-caret-down-wrapper\">\n\t\t\t\t<svg aria-hidden=\"true\" class=\"e-font-icon-svg e-eicon-caret-down\" viewBox=\"0 0 571.4 571.4\" xmlns=\"http:\/\/www.w3.org\/2000\/svg\"><path d=\"M571 393Q571 407 561 418L311 668Q300 679 286 679T261 668L11 418Q0 407 0 393T11 368 36 357H536Q550 357 561 368T571 393Z\"><\/path><\/svg>\t\t\t<\/div>\n\t\t\t<select name=\"form_fields[field_0e31e0b]\" id=\"form-field-field_0e31e0b\" class=\"elementor-field-textual elementor-size-sm\" required=\"required\" aria-required=\"true\">\n\t\t\t\t\t\t\t\t\t<option value=\" \">Zgjidhni komun\u00ebn<\/option>\n\t\t\t\t\t\t\t\t\t<option value=\"Qyteti i Shkupit\">Qyteti i Shkupit<\/option>\n\t\t\t\t\t\t\t\t\t<option value=\"Aerodrom\">Aerodrom<\/option>\n\t\t\t\t\t\t\t\t\t<option value=\"Hara\u00e7in\u00eb\">Hara\u00e7in\u00eb<\/option>\n\t\t\t\t\t\t\t\t\t<option value=\"Berov\u00eb\">Berov\u00eb<\/option>\n\t\t\t\t\t\t\t\t\t<option value=\"Manastir\">Manastir<\/option>\n\t\t\t\t\t\t\t\t\t<option value=\"Bogdanci\">Bogdanci<\/option>\n\t\t\t\t\t\t\t\t\t<option value=\"Bogovin\u00eb\">Bogovin\u00eb<\/option>\n\t\t\t\t\t\t\t\t\t<option value=\"Bosillov\u00eb\">Bosillov\u00eb<\/option>\n\t\t\t\t\t\t\t\t\t<option value=\"B\u00ebrvenic\u00eb\">B\u00ebrvenic\u00eb<\/option>\n\t\t\t\t\t\t\t\t\t<option value=\"Butel\">Butel<\/option>\n\t\t\t\t\t\t\t\t\t<option value=\"Valandov\u00eb\">Valandov\u00eb<\/option>\n\t\t\t\t\t\t\t\t\t<option value=\"Vasilev\u00eb\">Vasilev\u00eb<\/option>\n\t\t\t\t\t\t\t\t\t<option value=\"Vev\u00e7an\">Vev\u00e7an<\/option>\n\t\t\t\t\t\t\t\t\t<option value=\"Velesi\">Velesi<\/option>\n\t\t\t\t\t\t\t\t\t<option value=\"Vinic\u00eb\">Vinic\u00eb<\/option>\n\t\t\t\t\t\t\t\t\t<option value=\"Vrap\u00e7isht\u00eb\">Vrap\u00e7isht\u00eb<\/option>\n\t\t\t\t\t\t\t\t\t<option value=\"Gazi Bab\u00eb\">Gazi Bab\u00eb<\/option>\n\t\t\t\t\t\t\t\t\t<option value=\"Gjevgjeli\">Gjevgjeli<\/option>\n\t\t\t\t\t\t\t\t\t<option value=\"Gostivar\">Gostivar<\/option>\n\t\t\t\t\t\t\t\t\t<option value=\"Gradsko\">Gradsko<\/option>\n\t\t\t\t\t\t\t\t\t<option value=\"Dib\u00ebr\">Dib\u00ebr<\/option>\n\t\t\t\t\t\t\t\t\t<option value=\"Deb\u00ebrc\u00eb\">Deb\u00ebrc\u00eb<\/option>\n\t\t\t\t\t\t\t\t\t<option value=\"Dell\u00e7ev\u00eb\">Dell\u00e7ev\u00eb<\/option>\n\t\t\t\t\t\t\t\t\t<option value=\"Demir Kapi\">Demir Kapi<\/option>\n\t\t\t\t\t\t\t\t\t<option value=\"Demir Hisar\">Demir Hisar<\/option>\n\t\t\t\t\t\t\t\t\t<option value=\"Dojran\">Dojran<\/option>\n\t\t\t\t\t\t\t\t\t<option value=\"Dollnen\">Dollnen<\/option>\n\t\t\t\t\t\t\t\t\t<option value=\"Gjor\u00e7e Petrov\">Gjor\u00e7e Petrov<\/option>\n\t\t\t\t\t\t\t\t\t<option value=\"Zhelin\u00eb\">Zhelin\u00eb<\/option>\n\t\t\t\t\t\t\t\t\t<option value=\"Zelenikov\">Zelenikov<\/option>\n\t\t\t\t\t\t\t\t\t<option value=\"Z\u00ebrnovc\">Z\u00ebrnovc<\/option>\n\t\t\t\t\t\t\t\t\t<option value=\"Ilinden\">Ilinden<\/option>\n\t\t\t\t\t\t\t\t\t<option value=\"Jegunovc\">Jegunovc<\/option>\n\t\t\t\t\t\t\t\t\t<option value=\"Kavadar\">Kavadar<\/option>\n\t\t\t\t\t\t\t\t\t<option value=\"Karbinc\">Karbinc<\/option>\n\t\t\t\t\t\t\t\t\t<option value=\"Karposh\">Karposh<\/option>\n\t\t\t\t\t\t\t\t\t<option value=\"Kisella Vod\u00eb\">Kisella Vod\u00eb<\/option>\n\t\t\t\t\t\t\t\t\t<option value=\"K\u00ebr\u00e7ov\u00eb\">K\u00ebr\u00e7ov\u00eb<\/option>\n\t\t\t\t\t\t\t\t\t<option value=\"Kon\u00e7e\">Kon\u00e7e<\/option>\n\t\t\t\t\t\t\t\t\t<option value=\"Ko\u00e7an\">Ko\u00e7an<\/option>\n\t\t\t\t\t\t\t\t\t<option value=\"Kratov\u00eb\">Kratov\u00eb<\/option>\n\t\t\t\t\t\t\t\t\t<option value=\"Kriva Pallank\u00eb\">Kriva Pallank\u00eb<\/option>\n\t\t\t\t\t\t\t\t\t<option value=\"Krivogashtan\">Krivogashtan<\/option>\n\t\t\t\t\t\t\t\t\t<option value=\"Krushev\u00eb\">Krushev\u00eb<\/option>\n\t\t\t\t\t\t\t\t\t<option value=\"Kumanov\u00eb\">Kumanov\u00eb<\/option>\n\t\t\t\t\t\t\t\t\t<option value=\"Lipkov\u00eb\">Lipkov\u00eb<\/option>\n\t\t\t\t\t\t\t\t\t<option value=\"Llozov\u00eb\">Llozov\u00eb<\/option>\n\t\t\t\t\t\t\t\t\t<option value=\"Mavrov\u00eb dhe Rostush\u00eb\">Mavrov\u00eb dhe Rostush\u00eb<\/option>\n\t\t\t\t\t\t\t\t\t<option value=\"Makedonska Kamenic\u00eb\">Makedonska Kamenic\u00eb<\/option>\n\t\t\t\t\t\t\t\t\t<option value=\"Makedonski Brod\">Makedonski Brod<\/option>\n\t\t\t\t\t\t\t\t\t<option value=\"Mogil\u00eb\">Mogil\u00eb<\/option>\n\t\t\t\t\t\t\t\t\t<option value=\"Negotin\u00eb\">Negotin\u00eb<\/option>\n\t\t\t\t\t\t\t\t\t<option value=\"Novac\">Novac<\/option>\n\t\t\t\t\t\t\t\t\t<option value=\"Novo Sell\u00eb\">Novo Sell\u00eb<\/option>\n\t\t\t\t\t\t\t\t\t<option value=\"Oh\u00ebr\">Oh\u00ebr<\/option>\n\t\t\t\t\t\t\t\t\t<option value=\"Petrovec\">Petrovec<\/option>\n\t\t\t\t\t\t\t\t\t<option value=\"Peh\u00e7ev\u00eb\">Peh\u00e7ev\u00eb<\/option>\n\t\t\t\t\t\t\t\t\t<option value=\"Plasnic\u00eb\">Plasnic\u00eb<\/option>\n\t\t\t\t\t\t\t\t\t<option value=\"Prilep\">Prilep<\/option>\n\t\t\t\t\t\t\t\t\t<option value=\"Probishtipi\">Probishtipi<\/option>\n\t\t\t\t\t\t\t\t\t<option value=\"Radovish\">Radovish<\/option>\n\t\t\t\t\t\t\t\t\t<option value=\"Rankovc\">Rankovc<\/option>\n\t\t\t\t\t\t\t\t\t<option value=\"Resnj\u00eb\">Resnj\u00eb<\/option>\n\t\t\t\t\t\t\t\t\t<option value=\"Rosoman\">Rosoman<\/option>\n\t\t\t\t\t\t\t\t\t<option value=\"Saraj\">Saraj<\/option>\n\t\t\t\t\t\t\t\t\t<option value=\"Sh\u00ebn Nikoll\u00eb\">Sh\u00ebn Nikoll\u00eb<\/option>\n\t\t\t\t\t\t\t\t\t<option value=\"Sopishte\">Sopishte<\/option>\n\t\t\t\t\t\t\t\t\t<option value=\"Staro Nagori\u00e7an\">Staro Nagori\u00e7an<\/option>\n\t\t\t\t\t\t\t\t\t<option value=\"Strug\u00eb\">Strug\u00eb<\/option>\n\t\t\t\t\t\t\t\t\t<option value=\"Strumic\u00eb\">Strumic\u00eb<\/option>\n\t\t\t\t\t\t\t\t\t<option value=\"Studeni\u00e7an\">Studeni\u00e7an<\/option>\n\t\t\t\t\t\t\t\t\t<option value=\"Tearc\u00eb\">Tearc\u00eb<\/option>\n\t\t\t\t\t\t\t\t\t<option value=\"Tetov\u00eb\">Tetov\u00eb<\/option>\n\t\t\t\t\t\t\t\t\t<option value=\"Qend\u00ebr\">Qend\u00ebr<\/option>\n\t\t\t\t\t\t\t\t\t<option value=\"Qend\u00ebr Zhup\u00eb\">Qend\u00ebr Zhup\u00eb<\/option>\n\t\t\t\t\t\t\t\t\t<option value=\"\u00c7air\">\u00c7air<\/option>\n\t\t\t\t\t\t\t\t\t<option value=\"\u00c7ashk\u00eb\">\u00c7ashk\u00eb<\/option>\n\t\t\t\t\t\t\t\t\t<option value=\"\u00c7eshinov\u00eb-Obleshev\u00eb\">\u00c7eshinov\u00eb-Obleshev\u00eb<\/option>\n\t\t\t\t\t\t\t\t\t<option value=\"\u00c7u\u00e7er-Sandev\u00eb\">\u00c7u\u00e7er-Sandev\u00eb<\/option>\n\t\t\t\t\t\t\t\t\t<option value=\"Shtip\">Shtip<\/option>\n\t\t\t\t\t\t\t\t\t<option value=\"Shuto Orizari\">Shuto Orizari<\/option>\n\t\t\t\t\t\t\t<\/select>\n\t\t<\/div>\n\t\t\t\t\t\t<\/div>\n\t\t\t\t\t\t\t\t<div class=\"elementor-field-type-tel elementor-field-group elementor-column elementor-field-group-email elementor-col-50 elementor-field-required elementor-mark-required\">\n\t\t\t\t\t\t\t\t\t\t\t\t<label for=\"form-field-email\" class=\"elementor-field-label\">\n\t\t\t\t\t\t\t\tNumri i telefonit\t\t\t\t\t\t\t<\/label>\n\t\t\t\t\t\t\t\t<input size=\"1\" type=\"tel\" name=\"form_fields[email]\" id=\"form-field-email\" class=\"elementor-field elementor-size-sm  elementor-field-textual\" placeholder=\"Numri i telefonit\" required=\"required\" aria-required=\"true\" pattern=\"[0-9()#&amp;+*-=.]+\" title=\"Only numbers and phone characters (#, -, *, etc) are accepted.\">\n\n\t\t\t\t\t\t<\/div>\n\t\t\t\t\t\t\t\t<div class=\"elementor-field-type-email elementor-field-group elementor-column elementor-field-group-field_0489641 elementor-col-50 elementor-field-required elementor-mark-required\">\n\t\t\t\t\t\t\t\t\t\t\t\t<label for=\"form-field-field_0489641\" class=\"elementor-field-label\">\n\t\t\t\t\t\t\t\tE-mail\t\t\t\t\t\t\t<\/label>\n\t\t\t\t\t\t\t\t\t\t\t\t\t\t<input size=\"1\" type=\"email\" name=\"form_fields[field_0489641]\" id=\"form-field-field_0489641\" class=\"elementor-field elementor-size-sm  elementor-field-textual\" placeholder=\"E-mail p\u00ebr kontakt\" required=\"required\" aria-required=\"true\">\n\t\t\t\t\t\t\t\t\t\t\t<\/div>\n\t\t\t\t\t\t\t\t<div class=\"elementor-field-group elementor-column elementor-field-type-submit elementor-col-30 e-form__buttons\">\n\t\t\t\t\t<button class=\"elementor-button elementor-size-sm\" type=\"submit\">\n\t\t\t\t\t\t<span class=\"elementor-button-content-wrapper\">\n\t\t\t\t\t\t\t\t\t\t\t\t\t\t\t<span class=\"elementor-button-icon\">\n\t\t\t\t\t\t\t\t\t<svg aria-hidden=\"true\" class=\"e-font-icon-svg e-fas-location-arrow\" viewBox=\"0 0 512 512\" xmlns=\"http:\/\/www.w3.org\/2000\/svg\"><path d=\"M444.52 3.52L28.74 195.42c-47.97 22.39-31.98 92.75 19.19 92.75h175.91v175.91c0 51.17 70.36 67.17 92.75 19.19l191.9-415.78c15.99-38.39-25.59-79.97-63.97-63.97z\"><\/path><\/svg>\t\t\t\t\t\t\t\t\t\t\t\t\t\t\t\t\t<\/span>\n\t\t\t\t\t\t\t\t\t\t\t\t\t\t\t\t\t\t\t\t\t\t<span class=\"elementor-button-text\">D\u00ebrgo<\/span>\n\t\t\t\t\t\t\t\t\t\t\t\t\t<\/span>\n\t\t\t\t\t<\/button>\n\t\t\t\t<\/div>\n\t\t\t<\/div>\n\t\t<\/form>\n\t\t\t\t<\/div>\n\t\t\t\t<\/div>\n\t\t\t\t\t<\/div>\n\t\t\t\t<\/div>\n\t\t\t\t<\/div>\n\t\t","protected":false},"excerpt":{"rendered":"<p>Bashkohuni Komunat e interesuara inkurajohen t\u00eb shprehin interes p\u00ebr t&#8217;u bashkuar me LOGES duke plot\u00ebsuar formularin m\u00eb posht\u00eb:<\/p>\n","protected":false},"author":4,"featured_media":0,"parent":0,"menu_order":0,"comment_status":"closed","ping_status":"closed","template":"elementor_header_footer","meta":{"_acf_changed":false,"inline_featured_image":false,"footnotes":""},"class_list":["post-2605","page","type-page","status-publish","hentry"],"acf":[],"yoast_head":"<!-- This site is optimized with the Yoast SEO plugin v27.5 - https:\/\/yoast.com\/product\/yoast-seo-wordpress\/ -->\n<title>Bashkohuni - \u0411\u043b\u0438\u043d\u043a \u041c\u0430\u0440\u043a\u0435\u0442\u0438\u043d\u0433 \u0438 \u041c\u0435\u0434\u0438\u0458\u0430 - LOGES \/ \u041f\u043b\u0430\u0442\u0444\u043e\u0440\u043c\u0430 \u0437\u0430 \u0435-\u0443\u0441\u043b\u0443\u0433\u0438 \u043d\u0430 \u043b\u043e\u043a\u0430\u043b\u043d\u043e \u043d\u0438\u0432\u043e<\/title>\n<meta name=\"robots\" content=\"index, follow, max-snippet:-1, max-image-preview:large, max-video-preview:-1\" \/>\n<link rel=\"canonical\" href=\"https:\/\/loges.mk\/sq\/bashkohuni\/\" \/>\n<meta property=\"og:locale\" content=\"sq_AL\" \/>\n<meta property=\"og:type\" content=\"article\" \/>\n<meta property=\"og:title\" content=\"Bashkohuni - \u0411\u043b\u0438\u043d\u043a \u041c\u0430\u0440\u043a\u0435\u0442\u0438\u043d\u0433 \u0438 \u041c\u0435\u0434\u0438\u0458\u0430 - LOGES \/ \u041f\u043b\u0430\u0442\u0444\u043e\u0440\u043c\u0430 \u0437\u0430 \u0435-\u0443\u0441\u043b\u0443\u0433\u0438 \u043d\u0430 \u043b\u043e\u043a\u0430\u043b\u043d\u043e \u043d\u0438\u0432\u043e\" \/>\n<meta property=\"og:description\" content=\"Bashkohuni Komunat e interesuara inkurajohen t\u00eb shprehin interes p\u00ebr t&#8217;u bashkuar me LOGES duke plot\u00ebsuar formularin m\u00eb posht\u00eb:\" \/>\n<meta property=\"og:url\" content=\"https:\/\/loges.mk\/sq\/bashkohuni\/\" \/>\n<meta property=\"og:site_name\" content=\"LOGES \/ \u041f\u043b\u0430\u0442\u0444\u043e\u0440\u043c\u0430 \u0437\u0430 \u0435-\u0443\u0441\u043b\u0443\u0433\u0438 \u043d\u0430 \u043b\u043e\u043a\u0430\u043b\u043d\u043e \u043d\u0438\u0432\u043e\" \/>\n<meta property=\"article:publisher\" content=\"https:\/\/www.facebook.com\/blink.macedonia\/\" \/>\n<meta property=\"article:modified_time\" content=\"2024-12-06T11:44:36+00:00\" \/>\n<meta name=\"twitter:card\" content=\"summary_large_image\" \/>\n<meta name=\"twitter:site\" content=\"@blinkmk\" \/>\n<script type=\"application\/ld+json\" class=\"yoast-schema-graph\">{\"@context\":\"https:\\\/\\\/schema.org\",\"@graph\":[{\"@type\":\"WebPage\",\"@id\":\"https:\\\/\\\/loges.mk\\\/sq\\\/bashkohuni\\\/\",\"url\":\"https:\\\/\\\/loges.mk\\\/sq\\\/bashkohuni\\\/\",\"name\":\"Bashkohuni - \u0411\u043b\u0438\u043d\u043a \u041c\u0430\u0440\u043a\u0435\u0442\u0438\u043d\u0433 \u0438 \u041c\u0435\u0434\u0438\u0458\u0430 - LOGES \\\/ \u041f\u043b\u0430\u0442\u0444\u043e\u0440\u043c\u0430 \u0437\u0430 \u0435-\u0443\u0441\u043b\u0443\u0433\u0438 \u043d\u0430 \u043b\u043e\u043a\u0430\u043b\u043d\u043e \u043d\u0438\u0432\u043e\",\"isPartOf\":{\"@id\":\"https:\\\/\\\/loges.mk\\\/sq\\\/#website\"},\"datePublished\":\"2024-11-13T12:35:24+00:00\",\"dateModified\":\"2024-12-06T11:44:36+00:00\",\"breadcrumb\":{\"@id\":\"https:\\\/\\\/loges.mk\\\/sq\\\/bashkohuni\\\/#breadcrumb\"},\"inLanguage\":\"sq-AL\",\"potentialAction\":[{\"@type\":\"ReadAction\",\"target\":[\"https:\\\/\\\/loges.mk\\\/sq\\\/bashkohuni\\\/\"]}]},{\"@type\":\"BreadcrumbList\",\"@id\":\"https:\\\/\\\/loges.mk\\\/sq\\\/bashkohuni\\\/#breadcrumb\",\"itemListElement\":[{\"@type\":\"ListItem\",\"position\":1,\"name\":\"Home\",\"item\":\"https:\\\/\\\/loges.mk\\\/sq\\\/\"},{\"@type\":\"ListItem\",\"position\":2,\"name\":\"Bashkohuni\"}]},{\"@type\":\"WebSite\",\"@id\":\"https:\\\/\\\/loges.mk\\\/sq\\\/#website\",\"url\":\"https:\\\/\\\/loges.mk\\\/sq\\\/\",\"name\":\"LOGES \\\/ \u041f\u043b\u0430\u0442\u0444\u043e\u0440\u043c\u0430 \u0437\u0430 \u0435-\u0443\u0441\u043b\u0443\u0433\u0438 \u043d\u0430 \u043b\u043e\u043a\u0430\u043b\u043d\u043e \u043d\u0438\u0432\u043e\",\"description\":\"LOGES \u0435 \u0441\u043e\u0444\u0442\u0432\u0435\u0440 \u0437\u0430 \u0435-\u0443\u0441\u043b\u0443\u0433\u0438 \u043d\u0430 \u043b\u043e\u043a\u0430\u043b\u043d\u043e \u043d\u0438\u0432\u043e \u043a\u043e\u0458 \u043d\u0443\u0434\u0438 \u0446\u0435\u043b\u043e\u0441\u043d\u0430 \u0434\u0438\u0433\u0438\u0442\u0430\u043b\u0438\u0437\u0430\u0446\u0438\u0458\u0430 \u043d\u0430 \u043f\u043e\u0432\u0435\u045c\u0435 \u043e\u0434 25 \u0443\u0441\u043b\u0443\u0433\u0438 \u043e\u0431\u0435\u0437\u0431\u0435\u0434\u0435\u043d\u0438 \u0437\u0430 \u0433\u0440\u0430\u0453\u0430\u043d\u0438\u0442\u0435 \u0432\u043e 23 \u043e\u043f\u0448\u0442\u0438\u043d\u0438 \u0432\u043e \u0421\u0435\u0432\u0435\u0440\u043d\u0430 \u041c\u0430\u043a\u0435\u0434\u043e\u043d\u0438\u0458\u0430.\",\"publisher\":{\"@id\":\"https:\\\/\\\/loges.mk\\\/sq\\\/#organization\"},\"potentialAction\":[{\"@type\":\"SearchAction\",\"target\":{\"@type\":\"EntryPoint\",\"urlTemplate\":\"https:\\\/\\\/loges.mk\\\/sq\\\/?s={search_term_string}\"},\"query-input\":{\"@type\":\"PropertyValueSpecification\",\"valueRequired\":true,\"valueName\":\"search_term_string\"}}],\"inLanguage\":\"sq-AL\"},{\"@type\":\"Organization\",\"@id\":\"https:\\\/\\\/loges.mk\\\/sq\\\/#organization\",\"name\":\"\u0411\u043b\u0438\u043d\u043a \u041c\u0430\u0440\u043a\u0435\u0442\u0438\u043d\u0433 \u0438 \u041c\u0435\u0434\u0438\u0458\u0430\",\"url\":\"https:\\\/\\\/loges.mk\\\/sq\\\/\",\"logo\":{\"@type\":\"ImageObject\",\"inLanguage\":\"sq-AL\",\"@id\":\"https:\\\/\\\/loges.mk\\\/sq\\\/#\\\/schema\\\/logo\\\/image\\\/\",\"url\":\"\",\"contentUrl\":\"\",\"caption\":\"\u0411\u043b\u0438\u043d\u043a \u041c\u0430\u0440\u043a\u0435\u0442\u0438\u043d\u0433 \u0438 \u041c\u0435\u0434\u0438\u0458\u0430\"},\"image\":{\"@id\":\"https:\\\/\\\/loges.mk\\\/sq\\\/#\\\/schema\\\/logo\\\/image\\\/\"},\"sameAs\":[\"https:\\\/\\\/www.facebook.com\\\/blink.macedonia\\\/\",\"https:\\\/\\\/x.com\\\/blinkmk\",\"https:\\\/\\\/www.instagram.com\\\/blink.mk\\\/\",\"https:\\\/\\\/www.linkedin.com\\\/company\\\/blinkmk\\\/\",\"https:\\\/\\\/www.youtube.com\\\/channel\\\/UCrkOUlyvBrvPloPa9qXb2TQ\"]}]}<\/script>\n<!-- \/ Yoast SEO plugin. -->","yoast_head_json":{"title":"Bashkohuni - \u0411\u043b\u0438\u043d\u043a \u041c\u0430\u0440\u043a\u0435\u0442\u0438\u043d\u0433 \u0438 \u041c\u0435\u0434\u0438\u0458\u0430 - LOGES \/ \u041f\u043b\u0430\u0442\u0444\u043e\u0440\u043c\u0430 \u0437\u0430 \u0435-\u0443\u0441\u043b\u0443\u0433\u0438 \u043d\u0430 \u043b\u043e\u043a\u0430\u043b\u043d\u043e \u043d\u0438\u0432\u043e","robots":{"index":"index","follow":"follow","max-snippet":"max-snippet:-1","max-image-preview":"max-image-preview:large","max-video-preview":"max-video-preview:-1"},"canonical":"https:\/\/loges.mk\/sq\/bashkohuni\/","og_locale":"sq_AL","og_type":"article","og_title":"Bashkohuni - \u0411\u043b\u0438\u043d\u043a \u041c\u0430\u0440\u043a\u0435\u0442\u0438\u043d\u0433 \u0438 \u041c\u0435\u0434\u0438\u0458\u0430 - LOGES \/ \u041f\u043b\u0430\u0442\u0444\u043e\u0440\u043c\u0430 \u0437\u0430 \u0435-\u0443\u0441\u043b\u0443\u0433\u0438 \u043d\u0430 \u043b\u043e\u043a\u0430\u043b\u043d\u043e \u043d\u0438\u0432\u043e","og_description":"Bashkohuni Komunat e interesuara inkurajohen t\u00eb shprehin interes p\u00ebr t&#8217;u bashkuar me LOGES duke plot\u00ebsuar formularin m\u00eb posht\u00eb:","og_url":"https:\/\/loges.mk\/sq\/bashkohuni\/","og_site_name":"LOGES \/ \u041f\u043b\u0430\u0442\u0444\u043e\u0440\u043c\u0430 \u0437\u0430 \u0435-\u0443\u0441\u043b\u0443\u0433\u0438 \u043d\u0430 \u043b\u043e\u043a\u0430\u043b\u043d\u043e \u043d\u0438\u0432\u043e","article_publisher":"https:\/\/www.facebook.com\/blink.macedonia\/","article_modified_time":"2024-12-06T11:44:36+00:00","twitter_card":"summary_large_image","twitter_site":"@blinkmk","schema":{"@context":"https:\/\/schema.org","@graph":[{"@type":"WebPage","@id":"https:\/\/loges.mk\/sq\/bashkohuni\/","url":"https:\/\/loges.mk\/sq\/bashkohuni\/","name":"Bashkohuni - \u0411\u043b\u0438\u043d\u043a \u041c\u0430\u0440\u043a\u0435\u0442\u0438\u043d\u0433 \u0438 \u041c\u0435\u0434\u0438\u0458\u0430 - LOGES \/ \u041f\u043b\u0430\u0442\u0444\u043e\u0440\u043c\u0430 \u0437\u0430 \u0435-\u0443\u0441\u043b\u0443\u0433\u0438 \u043d\u0430 \u043b\u043e\u043a\u0430\u043b\u043d\u043e \u043d\u0438\u0432\u043e","isPartOf":{"@id":"https:\/\/loges.mk\/sq\/#website"},"datePublished":"2024-11-13T12:35:24+00:00","dateModified":"2024-12-06T11:44:36+00:00","breadcrumb":{"@id":"https:\/\/loges.mk\/sq\/bashkohuni\/#breadcrumb"},"inLanguage":"sq-AL","potentialAction":[{"@type":"ReadAction","target":["https:\/\/loges.mk\/sq\/bashkohuni\/"]}]},{"@type":"BreadcrumbList","@id":"https:\/\/loges.mk\/sq\/bashkohuni\/#breadcrumb","itemListElement":[{"@type":"ListItem","position":1,"name":"Home","item":"https:\/\/loges.mk\/sq\/"},{"@type":"ListItem","position":2,"name":"Bashkohuni"}]},{"@type":"WebSite","@id":"https:\/\/loges.mk\/sq\/#website","url":"https:\/\/loges.mk\/sq\/","name":"LOGES \/ \u041f\u043b\u0430\u0442\u0444\u043e\u0440\u043c\u0430 \u0437\u0430 \u0435-\u0443\u0441\u043b\u0443\u0433\u0438 \u043d\u0430 \u043b\u043e\u043a\u0430\u043b\u043d\u043e \u043d\u0438\u0432\u043e","description":"LOGES \u0435 \u0441\u043e\u0444\u0442\u0432\u0435\u0440 \u0437\u0430 \u0435-\u0443\u0441\u043b\u0443\u0433\u0438 \u043d\u0430 \u043b\u043e\u043a\u0430\u043b\u043d\u043e \u043d\u0438\u0432\u043e \u043a\u043e\u0458 \u043d\u0443\u0434\u0438 \u0446\u0435\u043b\u043e\u0441\u043d\u0430 \u0434\u0438\u0433\u0438\u0442\u0430\u043b\u0438\u0437\u0430\u0446\u0438\u0458\u0430 \u043d\u0430 \u043f\u043e\u0432\u0435\u045c\u0435 \u043e\u0434 25 \u0443\u0441\u043b\u0443\u0433\u0438 \u043e\u0431\u0435\u0437\u0431\u0435\u0434\u0435\u043d\u0438 \u0437\u0430 \u0433\u0440\u0430\u0453\u0430\u043d\u0438\u0442\u0435 \u0432\u043e 23 \u043e\u043f\u0448\u0442\u0438\u043d\u0438 \u0432\u043e \u0421\u0435\u0432\u0435\u0440\u043d\u0430 \u041c\u0430\u043a\u0435\u0434\u043e\u043d\u0438\u0458\u0430.","publisher":{"@id":"https:\/\/loges.mk\/sq\/#organization"},"potentialAction":[{"@type":"SearchAction","target":{"@type":"EntryPoint","urlTemplate":"https:\/\/loges.mk\/sq\/?s={search_term_string}"},"query-input":{"@type":"PropertyValueSpecification","valueRequired":true,"valueName":"search_term_string"}}],"inLanguage":"sq-AL"},{"@type":"Organization","@id":"https:\/\/loges.mk\/sq\/#organization","name":"\u0411\u043b\u0438\u043d\u043a \u041c\u0430\u0440\u043a\u0435\u0442\u0438\u043d\u0433 \u0438 \u041c\u0435\u0434\u0438\u0458\u0430","url":"https:\/\/loges.mk\/sq\/","logo":{"@type":"ImageObject","inLanguage":"sq-AL","@id":"https:\/\/loges.mk\/sq\/#\/schema\/logo\/image\/","url":"","contentUrl":"","caption":"\u0411\u043b\u0438\u043d\u043a \u041c\u0430\u0440\u043a\u0435\u0442\u0438\u043d\u0433 \u0438 \u041c\u0435\u0434\u0438\u0458\u0430"},"image":{"@id":"https:\/\/loges.mk\/sq\/#\/schema\/logo\/image\/"},"sameAs":["https:\/\/www.facebook.com\/blink.macedonia\/","https:\/\/x.com\/blinkmk","https:\/\/www.instagram.com\/blink.mk\/","https:\/\/www.linkedin.com\/company\/blinkmk\/","https:\/\/www.youtube.com\/channel\/UCrkOUlyvBrvPloPa9qXb2TQ"]}]}},"_links":{"self":[{"href":"https:\/\/loges.mk\/sq\/wp-json\/wp\/v2\/pages\/2605","targetHints":{"allow":["GET"]}}],"collection":[{"href":"https:\/\/loges.mk\/sq\/wp-json\/wp\/v2\/pages"}],"about":[{"href":"https:\/\/loges.mk\/sq\/wp-json\/wp\/v2\/types\/page"}],"author":[{"embeddable":true,"href":"https:\/\/loges.mk\/sq\/wp-json\/wp\/v2\/users\/4"}],"replies":[{"embeddable":true,"href":"https:\/\/loges.mk\/sq\/wp-json\/wp\/v2\/comments?post=2605"}],"version-history":[{"count":2,"href":"https:\/\/loges.mk\/sq\/wp-json\/wp\/v2\/pages\/2605\/revisions"}],"predecessor-version":[{"id":2983,"href":"https:\/\/loges.mk\/sq\/wp-json\/wp\/v2\/pages\/2605\/revisions\/2983"}],"wp:attachment":[{"href":"https:\/\/loges.mk\/sq\/wp-json\/wp\/v2\/media?parent=2605"}],"curies":[{"name":"wp","href":"https:\/\/api.w.org\/{rel}","templated":true}]}}